{"id":5,"date":"2024-04-21T20:14:53","date_gmt":"2024-04-21T18:14:53","guid":{"rendered":"http:\/\/labyrinthegastes.fr\/index.php\/one-page-express\/"},"modified":"2025-05-14T11:53:51","modified_gmt":"2025-05-14T09:53:51","slug":"one-page-express","status":"publish","type":"page","link":"https:\/\/labyrinthegastes.fr\/","title":{"rendered":"Front Page"},"content":{"rendered":"<div  id=\"icones\" style=\"background-color: rgb(255, 255, 255);\" data-label=\"ICONES\" data-id=\"stripped-coloured-icon-boxes\" data-category=\"overlapable\" class=\"features-coloured-icon-boxes-section\" data-overlap=\"true\"> <div  class=\"gridContainer\"> <div  class=\"features-coloured-icon-boxes-innerrow flexbox-list dark-text\" data-type=\"row\"> <div  class=\"features-coloured-icon-boxes-featurecol cp3cols\"> <div  class=\"features-coloured-icon-boxes-iconcontainer\" data-content-item-container=\"true\"> <i  data-cp-fa=\"true\" class=\"features-coloured-icon fa fa-child\"><\/i> <\/div> <h4  class=\"\" style=\"font-family: &quot;love ya like a sister&quot; !important;\">Adapt\u00e9 \u00e0 tous<\/h4> <p  class=\"\">Ludique et r\u00e9cr\u00e9atif, notre labyrinthe de ma\u00efs est adapt\u00e9 aux petits comme aux grands et nous proposons des jeux p\u00e9dagogiques<\/p> <a  class=\"features-coloured-button\" href=\"#a-propos\" target=\"_self\" rel=\"noopener\">EN SAVOIR PLUS<\/a> <\/div> <div  class=\"features-coloured-icon-boxes-featurecol cp3cols\"> <div  class=\"features-coloured-icon-boxes-iconcontainer\" data-content-item-container=\"true\"> <i  data-cp-fa=\"true\" class=\"features-coloured-icon fa fa-bicycle\"><\/i> <\/div> <h4  class=\"\" style=\"font-family: &quot;love ya like a sister&quot; !important;\">Accessible en v\u00e9lo<\/h4> <p  class=\"\">A deux pas des pistes cyclables qui relient Biscarrosse et Parentis en Born \u00e0 Sainte Eulalie en Born et Mimizan<\/p> <a  class=\"features-coloured-button\" href=\"https:\/\/www.google.com\/maps\/d\/viewer?mid=1HxkbZS3XxvRahBZWGbkHO6l5fIc&amp;ll=44.325385627844554%2C-1.102216245165999&amp;z=13\" target=\"_blank\" rel=\"noopener\">PLAN d\u2019ACCES VELO<\/a> <\/div> <div  class=\"features-coloured-icon-boxes-featurecol cp3cols\"> <div  class=\"features-coloured-icon-boxes-iconcontainer\" data-content-item-container=\"true\"> <i  data-cp-fa=\"true\" class=\"features-coloured-icon fa fa-car\"><\/i> <\/div> <h4  class=\"\" style=\"font-family: &quot;love ya like a sister&quot; !important;\">Proche du lac et de l\u2019oc\u00e9an<\/h4> <p  class=\"\">Accessible facilement, \u00e0 10 minutes de Mimizan et Parentis en Born, vous serez \u00e0 c\u00f4t\u00e9 de l\u2019oc\u00e9an et des lacs de Gastes et Mimizan<\/p> <a  class=\"features-coloured-button\" href=\"https:\/\/www.google.com\/maps\/place\/Labyrinthe+Gastes+-+Labyrinthe+de+ma%C3%AFs+-+Corn+maze\/@44.3187129,-1.1634027,17z\/data=!4m6!3m5!1s0xd547f3517ac4e5b:0x7f04297210b69733!8m2!3d44.3187129!4d-1.161214!16s%2Fg%2F11f5_k_009?hl=fr&amp;entry=ttu\" target=\"_blank\" rel=\"noopener\">PLAN D\u2019ACCES AUTO<\/a> <\/div> <div  class=\"features-coloured-icon-boxes-featurecol cp3cols\"> <div  class=\"features-coloured-icon-boxes-iconcontainer\" data-content-item-container=\"true\"> <i  data-cp-fa=\"true\" class=\"features-coloured-icon fa fa-eur\"><\/i> <\/div> <h4  class=\"\" style=\"font-family: &quot;love ya like a sister&quot; !important;\">Ch\u00e8ques vacances accept\u00e9s<\/h4> <p  class=\"\">Nous acceptons les paiements en esp\u00e8ces et ch\u00e8ques vacances ANCV<\/p> <img  decoding=\"async\" class=\"custom-image\" src=\"https:\/\/labyrinthegastes.fr\/wp-content\/uploads\/2024\/04\/logo-paiement-1.png\" alt=\"\"><a  class=\"features-coloured-button\" href=\"#tarifs-horaires\" target=\"_self\" rel=\"noopener\">EN SAVOIR PLUS<\/a> <\/div> <\/div> <\/div><\/div><div  id=\"a-propos\" style=\"background-color: #ffffff;\" data-label=\"A PROPOS\" data-id=\"content-image-left\" data-category=\"content\" class=\"content-left-image-section\"> <div  class=\"\"> <div  class=\"row\"> <div  class=\"content-left-image-imgcol\" data-type=\"column\"> <img  decoding=\"async\" src=\"https:\/\/labyrinthegastes.fr\/wp-content\/uploads\/2024\/04\/family.png\" class=\"\" alt=\"\"> <\/div> <div  class=\"content-left-image-textcol dynamic-color\" data-type=\"column\"> <h2  class=\"\" style=\"font-family: &quot;love ya like a sister&quot; !important;\">Un moment \u00e0 partager en famille ou entre amis<\/h2> <p  class=\"large_text\">Nouveau dans les Landes, notre labyrinthe de ma\u00efs vous promet de vivre une aventure agr\u00e9able et ludique \u00e0 quelques minutes de votre lieu de vacances. \n<br ><br >Situ\u00e9 entre les grandes stations baln\u00e9aires de Biscarrosse et Mimizan et nich\u00e9 entre les lacs et l\u2019oc\u00e9an, le Labyrinthe de Gastes c\u2019est l\u2019endroit id\u00e9al pour une activit\u00e9 qui ravira petits et grands. \n<br ><br >Nos jeux de culture g\u00e9n\u00e9rale avec trois niveaux adapt\u00e9s \u00e0 l\u2019age rendront votre parcours dans le labyrinthe encore plus palpitant ! \n<br ><br >Cette ann\u00e9e encore un nouveau jeu avec une nouvelle th\u00e9matique et un nouveau trac\u00e9 vous attendent !<\/p> <a  class=\"button blue\" href=\"https:\/\/www.google.com\/maps\/place\/Labyrinthe+Gastes+-+Labyrinthe+de+ma%C3%AFs+-+Corn+maze\/@44.3187129,-1.1634027,17z\/data=!4m6!3m5!1s0xd547f3517ac4e5b:0x7f04297210b69733!8m2!3d44.3187129!4d-1.161214!16s%2Fg%2F11f5_k_009?hl=fr&amp;entry=ttu\" target=\"_blank\" rel=\"noopener\"> VOIR LE PLAN <\/a> <a  href=\"https:\/\/labyrinthegastes.fr\/www.youtube.com\/embed\/0Ksv5QCA79o?si=d2EQzA0cRmFHql7x%22%20title\" class=\"\" target=\"_self\" rel=\"noopener\"><\/a><\/div> <\/div> <\/div> <\/div><div  id=\"tarifs-horaires\" style=\"background-color: #f6f6f6;\" data-label=\"TARIFS HORAIRES\" data-id=\"content-image-right\" data-category=\"content\" class=\"content-right-image-section\"> <div  class=\"gridContainer\"> <div  class=\"content-right-image-gridcol\"> <div  class=\"content-right-image-textcol dynamic-color\" data-type=\"column\"> <h2  class=\"\" style=\"font-family: &quot;love ya like a sister&quot; !important;\">Nos tarifs 2025<\/h2> <p  class=\"large_text\">Notre site ouvre ses portes le 07\/07 et fermera le 29\/08, voici les tarifs 2025 pour l\u2019acc\u00e8s au labyrinthe de ma\u00efs :<br ><br >\u2013 Gratuit pour les moins de 4 ans<br >\u2013 7\u20ac par personne pour les plus de 4 ans<br >\u2013 6\u20ac par personne pour les groupes \u00e0 partir de 20 personnes<\/p>  <h2  class=\"\" style=\"font-family: &quot;love ya like a sister&quot; !important;\">Nos horaires<\/h2><p  class=\"\">10h30 \u2013 12h30 et 15h30 \u2013 19h du Lundi au Samedi<\/p><h5 class=\"\" >LE LABYRINTHE EST FERM<span class=\"ILfuVd\" lang=\"fr\" ><span class=\"hgKElc\" ><span ><span ><b >\u00c9<\/b><\/span><\/span><\/span><\/span> LE DIMANCHE<\/h5><p  class=\"\">Attention !<br ><br >Le matin : derni\u00e8re entr\u00e9e 11h30<br >L\u2019apr\u00e8s midi : derni\u00e8re entr\u00e9e 18h&nbsp; \n<br ><br >De \nmi-Juin jusqu\u2019\u00e0 l\u2019ouverture officielle et de fin Ao\u00fbt \u00e0 la r\u00e9colte du \nma\u00efs ouverture sur r\u00e9servation (groupes \u2013 scolaires etc).&nbsp;&nbsp; \n<\/p><h5 class=\"\" >N\u2019h\u00e9sitez pas \u00e0 nous contacter pour toute demande<\/h5><\/div> <div  class=\"content-right-image-imgcol\" data-type=\"column\"> <img  decoding=\"async\" src=\"https:\/\/labyrinthegastes.fr\/wp-content\/uploads\/2024\/04\/logo-labyrinthe-gastes-2.png\" class=\"\" alt=\"\"> <a  class=\"button blue\" href=\"https:\/\/youtu.be\/0Ksv5QCA79o?si=UHzCPv9GEQwYDpmA\" target=\"_blank\" rel=\"noopener\">DECOUVRIR LE LABYRINTHE EN VUE AERIENNE<\/a><img  decoding=\"async\" class=\"custom-image\" src=\"https:\/\/labyrinthegastes.fr\/wp-content\/uploads\/2024\/04\/Labyrinthe-capture1.jpg\" alt=\"\"><\/div> <\/div> <\/div> <\/div><div  data-label=\"PLAN\" data-id=\"content-full-left-image-section\" data-category=\"content\" class=\"content-full-left-image-section\" id=\"plan\" style=\"background-color: rgb(255, 255, 255);\"> <div  class=\"content-full-left-image-innerrow gridContainer\"> <div  data-bg=\"image\" class=\"content-full-left-image-imgcol\" style=\"background-image: url(&quot;https:\/\/labyrinthegastes.fr\/wp-content\/uploads\/2024\/04\/map2-6.png&quot;);\"><\/div> <div  class=\"content-full-left-image-textcol dynamic-color\"> <div  data-type=\"column\" class=\"\"> <h5  class=\"\" style=\"font-family: &quot;love ya like a sister&quot; !important;\">NOUS TROUVER<\/h5> <h2  class=\"\" style=\"font-family: &quot;love ya like a sister&quot; !important;\">Avenue du Lanot 40160 GASTES<\/h2> <p  class=\"\">Que ce soit depuis Biscarrosse, depuis Parentis ou depuis Mimizan, vous \u00eates proche de Gastes et pouvez profiter d\u2019une journ\u00e9e au lac ou \u00e0 la plage avant ou apr\u00e8s votre passage au labyrinthe de ma\u00efs.<\/p> <\/div> <div  class=\"content-full-left-image-featuresrow\"> <div  class=\"content-full-left-image-featurescol\" data-type=\"column\"> <h5  class=\"\" style=\"font-family: &quot;love ya like a sister&quot; !important;\">Depuis Mimizan<\/h5> <p  class=\"\">Prendre la route de Sainte Eulalie en Born et continuer vers Gastes<\/p> <h5  class=\"\" style=\"font-family: &quot;love ya like a sister&quot; !important;\">Depuis Biscarrosse<\/h5> <p  class=\"\">Prendre la route de Parentis en Born puis celle de Mimizan et tourner \u00e0 droite vers Gastes<\/p> <\/div> <div  class=\"content-full-left-image-featurescol\" data-type=\"column\"> <h5  class=\"\" style=\"font-family: &quot;love ya like a sister&quot; !important;\">Depuis Parentis en Born<\/h5> <p  class=\"\">Prendre la direction Mimizan puis tourner \u00e0 droite vers Gastes<\/p> <h5  class=\"\" style=\"font-family: &quot;love ya like a sister&quot; !important;\">Depuis le Bassin d\u2019Arcachon<\/h5> <p  class=\"\">Prendre la direction de Sanguinet \/ Parentis en Born puis celle de Mimizan et tourner \u00e0 droite vers Gastes<\/p> <\/div> <\/div> <\/div> <\/div><\/div><div  data-label=\"NOCTURNES\" data-id=\"about-four-boxes-section\" data-category=\"about\" class=\"about-four-boxes-section\" id=\"nocturnes\" style=\"background-color: rgb(246, 246, 246);\"> <div  class=\"gridContainer\"> <div  class=\"about-four-boxes-innerrow flexbox-list\"> <div  class=\"about-four-boxes-imgcol\" data-bg=\"image\" style=\"background-image: url(&quot;https:\/\/labyrinthegastes.fr\/wp-content\/uploads\/2024\/04\/nocturne.jpg&quot;);\"><\/div> <div  class=\"about-four-boxes-textcol\" data-type=\"column\"> <h6  class=\"\" style=\"font-family: &quot;love ya like a sister&quot; !important;\">UNE EXPERIENCE UNIQUE<\/h6> <h2  class=\"\" style=\"font-family: &quot;love ya like a sister&quot; !important;\">Nocturnes<\/h2> <p  class=\"\">Nocturne les Jeudis soirs (AMENEZ VOTRE LAMPE FRONTALE) \n<br >22h minuit en Juillet &amp; 21h30 minuit en Ao\u00fbt !<br >Retrouverez-vous la sortie ?<\/p> <\/div> <div  class=\"about-four-boxes-textcol\" data-type=\"column\"> <h6  class=\"\" style=\"font-family: &quot;love ya like a sister&quot; !important;\">CHIEN ADMIS<\/h6> <h2  class=\"\" style=\"font-family: &quot;love ya like a sister&quot; !important;\">Tenus en laisse<\/h2> <p  class=\"\">Vous pouvez parcourir le labyrinthe avec votre fid\u00e8le compagnon \u00e0 condition de toujours le tenir en laisse et \u00e0 condition de veiller \u00e0 de pas incommoder les autres usagers du labyrinthe lorsque vous empruntez les m\u00eames couloirs.<br >Nous comptons aussi sur vous pour respecter la propret\u00e9 du site.<\/p> <\/div> <div  class=\"about-four-boxes-imgcol2\" data-bg=\"image\" style=\"background-image: url(&quot;https:\/\/labyrinthegastes.fr\/wp-content\/uploads\/2024\/04\/dogs.jpg&quot;);\"><\/div> <\/div> <\/div><\/div><div  data-label=\"VELO\" data-id=\"content-full-right-image-section\" data-category=\"content\" class=\"content-full-right-image-section\" id=\"velo\" style=\"background-color: rgb(255, 255, 255);\"> <div  class=\"content-full-right-image-innerrow\"> <div  class=\"content-full-right-image-textcol dynamic-color\"> <div  data-type=\"column\" class=\"\"> <h5  class=\"\" style=\"font-family: &quot;love ya like a sister&quot; !important;\">Profitez de votre balade \u00e0 v\u00e9lo pour d\u00e9couvrir une nouvelles activit\u00e9<\/h5> <h2  class=\"\" style=\"font-family: &quot;love ya like a sister&quot; !important;\">Acc\u00e9dez facilement au Labyrinthe de ma\u00efs de Gastes par les pistes cyclables du Nord des Landes<\/h2>  <a  class=\"button blue\" href=\"https:\/\/www.google.com\/maps\/d\/viewer?mid=1HxkbZS3XxvRahBZWGbkHO6l5fIc&amp;ll=44.325385627844554%2C-1.102216245165999&amp;z=13\" target=\"_blank\" rel=\"noopener\">VOIR LES PISTES CYCLABLES SUR GOOGLE MAPS<\/a><\/div> <div  class=\"content-full-right-image-featuresrow\"> <div  class=\"content-full-right-image-featurescol\" data-type=\"column\">     <\/div> <div  class=\"content-full-right-image-featurescol\" data-type=\"column\">     <\/div> <\/div> <\/div> <div  data-bg=\"image\" class=\"content-full-right-image-imgcol\" style=\"background-image: url(&quot;https:\/\/labyrinthegastes.fr\/wp-content\/uploads\/2024\/04\/bikefull.jpg&quot;);\"><\/div> <\/div><\/div><div  data-label=\"PHOTOS\" data-id=\"about-big-images-section\" data-category=\"about\" class=\"about-big-images-section\" id=\"photos\" style=\"background-color: rgb(246, 246, 246);\"> <div  class=\"gridContainer\"> <div  class=\"about-big-images-textrow\"> <div  class=\"about-big-images-textcol dynamic-color\" data-type=\"column\">    <a  class=\"button blue big\" href=\"https:\/\/youtu.be\/0Ksv5QCA79o?si=UHzCPv9GEQwYDpmA\" target=\"_blank\" rel=\"noopener\">DECOUVRIR LE LABYRINTHE EN VUE AERIENNE<\/a> <\/div> <\/div> <\/div> <div  class=\"about-big-images-bottomrow\"> <div  class=\"about-big-images-leftimgcol\"><img  decoding=\"async\" class=\"about-big-images-leftimg\" src=\"https:\/\/labyrinthegastes.fr\/wp-content\/uploads\/2024\/04\/cropped-Labyrinthe-capture7.jpg\" alt=\"\"> <\/div> <div  class=\"about-big-images-centerimgcol\"><img  decoding=\"async\" class=\"about-big-images-centerimg\" src=\"https:\/\/labyrinthegastes.fr\/wp-content\/uploads\/2024\/04\/Labyrinthe-capture1.jpg\" alt=\"\"> <\/div> <div  class=\"about-big-images-rightimgcol\"><img  decoding=\"async\" class=\"about-big-images-rightimg\" src=\"https:\/\/labyrinthegastes.fr\/wp-content\/uploads\/2024\/04\/Labyrinthe-capture2.jpg\" alt=\"\"> <\/div> <\/div> <\/div><div  data-label=\"ADRESSE\" data-id=\"cta-blue-section\" data-category=\"cta\" class=\"cta-blue-section\" id=\"adresse\"> <div  class=\"gridContainer\"> <div  class=\"flexbox-list flexbox-list-align-center row\"> <div  class=\"cta-blue-textcol dynamic-color\"> <h2  class=\"cta-blue-text\" style=\"font-family: &quot;love ya like a sister&quot; !important;\">Avenue du Lanot \u2013 40160 GASTES<\/h2> <\/div> <div  class=\"cta-blue-btncol\"> <a  class=\"button big yellow dark-text\" href=\"https:\/\/www.google.com\/maps\/place\/Labyrinthe+Gastes+-+Labyrinthe+de+ma%C3%AFs+-+Corn+maze\/@44.3187129,-1.1634027,17z\/data=!4m6!3m5!1s0xd547f3517ac4e5b:0x7f04297210b69733!8m2!3d44.3187129!4d-1.161214!16s%2Fg%2F11f5_k_009?hl=fr&amp;entry=ttu\" target=\"_blank\" rel=\"noopener\"> VOIR SUR GOOGLE MAPS <\/a> <\/div> <\/div> <\/div> <\/div><div  id=\"infos\" data-label=\"INFOS\" data-id=\"numbers-section\" data-category=\"numbers\" data-bg=\"transparent\" class=\"numbers-section\" data-parallax-depth=\"20\"> <div  class=\"gridContainer dynamic-color\"> <div  class=\"numbers-itemcol\"> <h2  class=\"numbers-numbertext\" style=\"font-family: &quot;love ya like a sister&quot; !important;\">Ouvert du Lundi au Samedi<\/h2> <h3  class=\"numbers-titletext\" style=\"font-family: &quot;love ya like a sister&quot; !important;\">Du 07\/07 au 29\/08<\/h3> <\/div> <div  class=\"numbers-itemcol\"> <h2  class=\"numbers-numbertext\" style=\"font-family: &quot;love ya like a sister&quot; !important;\">\nHoraires<br >10h30 \u2013 12h30<\/h2> <h3  class=\"numbers-titletext\" style=\"font-family: &quot;love ya like a sister&quot; !important;\">15h30 \u2013 19h<\/h3> <\/div> <div  class=\"numbers-itemcol-last\"> <h2  class=\"numbers-numbertext\" style=\"font-family: &quot;love ya like a sister&quot; !important;\">Une question ?<\/h2> <h3  class=\"numbers-titletext\" style=\"font-family: &quot;love ya like a sister&quot; !important;\">\nContactez nous :<br >06.37.43.97.76<\/h3> <\/div> <\/div><\/div><div  id=\"formulaire\" data-label=\"FORMULAIRE\" data-id=\"contact-section\" data-category=\"contact\" data-bg=\"transparent\" class=\"contact-section-formsection white-text\"> <div  class=\"gridContainer\"> <div  class=\"row_224\"> <div  class=\"contact-textrow\"> <div  class=\"contact-textcol dynamic-color\"> <h2  class=\"\" style=\"font-family: &quot;love ya like a sister&quot; !important;\">A votre disposition<\/h2> <p  class=\"white_text\">Pour toute question ou pour programmer une visite de groupe utilisez le formulaire ci-dessous ou contactez nous \u00e0 contact@labyrinthegastes.fr<\/p> <\/div> <\/div> <\/div> <div  class=\"contact-formcol\" data-content-shortcode=\"one_page_express_contact_form shortcode=&quot;contact-form-7 id=&amp;amp;quot;f722552&amp;amp;quot; title=&amp;amp;quot;Formulaire de contact 1&amp;amp;quot;&quot;\" data-editable=\"true\">\n<div class=\"wpcf7 no-js\" id=\"wpcf7-f7-o1\" lang=\"fr-FR\" dir=\"ltr\" data-wpcf7-id=\"7\">\n<div class=\"screen-reader-response\"><p role=\"status\" aria-live=\"polite\" aria-atomic=\"true\"><\/p> <ul><\/ul><\/div>\n<form action=\"\/index.php\/wp-json\/wp\/v2\/pages\/5#wpcf7-f7-o1\" method=\"post\" class=\"wpcf7-form init\" aria-label=\"Formulaire de contact\" novalidate=\"novalidate\" data-status=\"init\">\n<fieldset class=\"hidden-fields-container\"><input type=\"hidden\" name=\"_wpcf7\" value=\"7\" \/><input type=\"hidden\" name=\"_wpcf7_version\" value=\"6.1.5\" \/><input type=\"hidden\" name=\"_wpcf7_locale\" value=\"fr_FR\" \/><input type=\"hidden\" name=\"_wpcf7_unit_tag\" value=\"wpcf7-f7-o1\" \/><input type=\"hidden\" name=\"_wpcf7_container_post\" value=\"0\" \/><input type=\"hidden\" name=\"_wpcf7_posted_data_hash\" value=\"\" \/>\n<\/fieldset>\n<p><label> Votre nom (Obligatoire)<br \/>\n<span class=\"wpcf7-form-control-wrap\" data-name=\"your-name\"><input size=\"40\" maxlength=\"400\" class=\"wpcf7-form-control wpcf7-text wpcf7-validates-as-required\" autocomplete=\"name\" aria-required=\"true\" aria-invalid=\"false\" value=\"\" type=\"text\" name=\"your-name\" \/><\/span> <\/label>\n<\/p>\n<p><label> Votre e-mail (Obligatoire)<br \/>\n<span class=\"wpcf7-form-control-wrap\" data-name=\"your-email\"><input size=\"40\" maxlength=\"400\" class=\"wpcf7-form-control wpcf7-email wpcf7-validates-as-required wpcf7-text wpcf7-validates-as-email\" autocomplete=\"email\" aria-required=\"true\" aria-invalid=\"false\" value=\"\" type=\"email\" name=\"your-email\" \/><\/span> <\/label>\n<\/p>\n<p><label> Objet (Obligatoire)<br \/>\n<span class=\"wpcf7-form-control-wrap\" data-name=\"your-subject\"><input size=\"40\" maxlength=\"400\" class=\"wpcf7-form-control wpcf7-text wpcf7-validates-as-required\" aria-required=\"true\" aria-invalid=\"false\" value=\"\" type=\"text\" name=\"your-subject\" \/><\/span> <\/label>\n<\/p>\n<p><label> Votre message (Obligatoire)<br \/>\n<span class=\"wpcf7-form-control-wrap\" data-name=\"your-message\"><textarea cols=\"40\" rows=\"10\" maxlength=\"2000\" class=\"wpcf7-form-control wpcf7-textarea wpcf7-validates-as-required\" aria-required=\"true\" aria-invalid=\"false\" name=\"your-message\"><\/textarea><\/span> <\/label>\n<\/p>\n<p><input class=\"wpcf7-form-control wpcf7-submit has-spinner\" type=\"submit\" value=\"Envoyer\" \/>\n<\/p><p style=\"display: none !important;\" class=\"akismet-fields-container\" data-prefix=\"_wpcf7_ak_\"><label>&#916;<textarea name=\"_wpcf7_ak_hp_textarea\" cols=\"45\" rows=\"8\" maxlength=\"100\"><\/textarea><\/label><input type=\"hidden\" id=\"ak_js_1\" name=\"_wpcf7_ak_js\" value=\"169\"\/><script>document.getElementById( \"ak_js_1\" ).setAttribute( \"value\", ( new Date() ).getTime() );<\/script><\/p><div class=\"wpcf7-response-output\" aria-hidden=\"true\"><\/div>\n<\/form>\n<\/div>\n<\/div> <\/div><\/div>","protected":false},"excerpt":{"rendered":"<p>Adapt\u00e9 \u00e0 tous Ludique et r\u00e9cr\u00e9atif, notre labyrinthe de ma\u00efs est adapt\u00e9 aux petits comme aux grands et nous proposons des jeux p\u00e9dagogiques EN SAVOIR PLUS Accessible en v\u00e9lo A deux pas des pistes cyclables qui relient Biscarrosse et Parentis en Born \u00e0 Sainte Eulalie en Born et Mimizan PLAN d\u2019ACCES VELO Proche du lac&hellip; <br \/> <a class=\"button small blue\" href=\"https:\/\/labyrinthegastes.fr\/index.php\/2024\/04\/21\/bonjour-tout-le-monde\/\">Lire la suite<\/a><\/p>\n","protected":false},"author":1,"featured_media":0,"parent":0,"menu_order":0,"comment_status":"closed","ping_status":"closed","template":"","meta":{"footnotes":""},"class_list":["post-5","page","type-page","status-publish","hentry"],"_links":{"self":[{"href":"https:\/\/labyrinthegastes.fr\/index.php\/wp-json\/wp\/v2\/pages\/5","targetHints":{"allow":["GET"]}}],"collection":[{"href":"https:\/\/labyrinthegastes.fr\/index.php\/wp-json\/wp\/v2\/pages"}],"about":[{"href":"https:\/\/labyrinthegastes.fr\/index.php\/wp-json\/wp\/v2\/types\/page"}],"author":[{"embeddable":true,"href":"https:\/\/labyrinthegastes.fr\/index.php\/wp-json\/wp\/v2\/users\/1"}],"replies":[{"embeddable":true,"href":"https:\/\/labyrinthegastes.fr\/index.php\/wp-json\/wp\/v2\/comments?post=5"}],"version-history":[{"count":40,"href":"https:\/\/labyrinthegastes.fr\/index.php\/wp-json\/wp\/v2\/pages\/5\/revisions"}],"predecessor-version":[{"id":137,"href":"https:\/\/labyrinthegastes.fr\/index.php\/wp-json\/wp\/v2\/pages\/5\/revisions\/137"}],"wp:attachment":[{"href":"https:\/\/labyrinthegastes.fr\/index.php\/wp-json\/wp\/v2\/media?parent=5"}],"curies":[{"name":"wp","href":"https:\/\/api.w.org\/{rel}","templated":true}]}}